{"id":573,"date":"2023-10-31T01:08:20","date_gmt":"2023-10-31T01:08:20","guid":{"rendered":"https:\/\/xmarca.net\/?page_id=573"},"modified":"2023-10-31T01:18:02","modified_gmt":"2023-10-31T01:18:02","slug":"aviso-de-privacidad","status":"publish","type":"page","link":"https:\/\/xmarca.net\/en\/aviso-de-privacidad\/","title":{"rendered":"Privacy Notice"},"content":{"rendered":"<div data-elementor-type=\"wp-page\" data-elementor-id=\"573\" class=\"elementor elementor-573\" data-elementor-post-type=\"page\">\n\t\t\t\t<div class=\"elementor-element elementor-element-72d3da6 e-flex e-con-boxed e-con e-parent\" data-id=\"72d3da6\" data-element_type=\"container\">\n\t\t\t\t\t<div class=\"e-con-inner\">\n\t\t\t\t<div class=\"elementor-element elementor-element-00d9eee elementor-widget elementor-widget-heading\" data-id=\"00d9eee\" data-element_type=\"widget\" data-widget_type=\"heading.default\">\n\t\t\t\t<div class=\"elementor-widget-container\">\n\t\t\t\t\t<h1 class=\"elementor-heading-title elementor-size-default\">Privacy Notice<\/h1>\t\t\t\t<\/div>\n\t\t\t\t<\/div>\n\t\t\t\t<div class=\"elementor-element elementor-element-de493c8 elementor-widget elementor-widget-text-editor\" data-id=\"de493c8\" data-element_type=\"widget\" data-widget_type=\"text-editor.default\">\n\t\t\t\t<div class=\"elementor-widget-container\">\n\t\t\t\t\t\t\t\t\t<p>Al utilizar el sitio web <a href=\"https:\/\/xmarca.net\/en\/\" target=\"_new\">www.xmarca.net<\/a> , as\u00ed como las herramientas y servicios proporcionados en el mismo, el usuario acepta, sin excepci\u00f3n, los t\u00e9rminos y condiciones enunciados en este Aviso de Privacidad, el no estar de acuerdo con ellos implica no estar autorizado para hacer uso del sitio ni de sus herramientas y servicios. Proveer informaci\u00f3n personal para agendar una reuni\u00f3n o solicitar una cotizaci\u00f3n, a trav\u00e9s del chat con un operador o un bot, para suscribirse al newsletter, o para cualquier otro fin en cualquier otro apartado del sitio web se interpreta como autorizaci\u00f3n por parte del usuario para utilizar sus datos bajo las condiciones y obligaciones establecidas en los siguientes puntos de este Aviso de Privacidad.<\/p><ol><li><p>Los datos personales que X MARCA, en adelante \u201cX Marca\u201d, puede llegar a recabar, ser\u00e1n utilizados con fines de (I) identificaci\u00f3n (II) contacto (III) proveer los servicios que proporcionamos (IV) fines estad\u00edsticos y de monitoreo interno de uso del portal de X Marca (V) marketing, seguimiento y prospecci\u00f3n. Estos datos pueden ser, de manera enunciativa, mas no limitativa; Datos de identificaci\u00f3n: nombre completo, domicilio, tel\u00e9fono de casa, celular y\/o de trabajo, estado civil, firma, correo electr\u00f3nico, R.F.C., C.U.R.P., lugar y fecha de nacimiento, edad, entre otros; Datos laborales: ocupaci\u00f3n, puesto, \u00e1rea o departamento, domicilio, tel\u00e9fono y correo de trabajo, referencias laborales, referencias personales y referencias comerciales, entre otros; Datos personales sensibles: afiliaci\u00f3n sindical, creencias religiosas y otros que pueden ser as\u00ed considerados. Adem\u00e1s de datos referentes a su actividad empresarial y caracter\u00edsticas detalladas de la misma. X Marca podr\u00e1 recabar dicha informaci\u00f3n de manera personal o bien, directamente por cualquier medio electr\u00f3nico, \u00f3ptico, sonoro, visual, o a trav\u00e9s de cualquier otra tecnolog\u00eda. Asimismo, tiene la posibilidad de obtener datos personales a trav\u00e9s de terceros y de otras fuentes permitidas por la Ley.<\/p><\/li><li><p>La transferencia de datos personales proporcionados voluntariamente ser\u00e1 tratada cumpliendo la relaci\u00f3n jur\u00eddica existente entre usted y X Marca, por lo que referente al art\u00edculo 37 de la Ley Federal de Protecci\u00f3n de Datos Personales en Posesi\u00f3n de Particulares, fracci\u00f3n IV; X Marca no necesita su consentimiento para proporcionar sus datos personales a terceros, sin embargo, esto s\u00f3lo se llevar\u00e1 a cabo siempre y cuando usted acepte enviar sus datos a un tercero. Hacer una solicitud de contacto y\/o solicitar una cotizaci\u00f3n dentro del sitio web se entender\u00e1 como tal autorizaci\u00f3n.<\/p><\/li><li><p>X Marca adopt\u00f3 medidas de seguridad, administrativas, t\u00e9cnicas y f\u00edsicas, necesarias para proteger sus datos personales en contra de perdida, da\u00f1o, alteraciones o acceso no autorizado, sin embargo, en el ciberespacio existen comunicaciones que est\u00e1n fuera de nuestra vigilancia por lo que no se puede garantizar que sus datos personales proporcionados v\u00eda internet est\u00e9n libres en todo momento de acceso no autorizado. Cualquiera que sea el caso, el acceso a sus datos personales, en poder de X Marca, queda limitado a terceros o miembros del equipo de trabajo de X Marca que necesiten tener acceso a dicha informaci\u00f3n con el prop\u00f3sito de poderle brindar todos nuestros servicios de una manera adecuada y eficiente.<\/p><\/li><li><p>Usted, como titular de sus datos personales, podr\u00e1 ejercer en cualquier momento sus derechos de \u201cARCO\u201d (acceso, rectificaci\u00f3n, cancelaci\u00f3n y\/u oposici\u00f3n) establecidos en la Ley, por lo que podr\u00e1 revocar en todo momento el consentimiento que en dado momento haya otorgado para el trato de sus datos personales as\u00ed como limitar el uso y divulgaci\u00f3n de los mismos, esto enviando directamente un correo electr\u00f3nico a la direcci\u00f3n de <a href=\"mailto:contacto@xmarca.net\" target=\"_new\">contacto@xmarca.net<\/a>, dicha solicitud deber\u00e1 contener nombre y domicilio u otro medio para poder comunicarle el estado de su solicitud, adem\u00e1s de los documentos que acrediten su identidad o, en su caso, la representaci\u00f3n legal y la descripci\u00f3n clara y precisa de los datos personales con respecto a los cuales se busca ejercer alguno de sus derechos de \u201cARCO\u201d, adem\u00e1s de cualquier otro elemento que facilite la localizaci\u00f3n de sus datos personales.<\/p><\/li><li><p>En el portal de X Marca no se recaban datos personales sensibles de los usuarios, sin embargo, en caso de ser requeridos, se deber\u00e1 obtener el consentimiento de manera escrita del titular a trav\u00e9s de su firma aut\u00f3grafa, firma electr\u00f3nica o cualquier otro mecanismo de autentificaci\u00f3n.<\/p><\/li><li><p>X Marca utiliza cookies y otras tecnolog\u00edas similares \u00fanicamente con los fines establecidos en esta pol\u00edtica de privacidad, principalmente en el punto n\u00famero 1.<\/p><\/li><li><p>En caso de existir alg\u00fan cambio en este aviso de privacidad se le notificar\u00e1 envi\u00e1ndole un aviso al correo electr\u00f3nico registrado en su cuenta y\/o publicando una nota visible en nuestro portal. X Marca no se hace responsable si usted no recibe la notificaci\u00f3n del cambio en el aviso de privacidad en caso de que existiera alg\u00fan problema en su cuenta de correo electr\u00f3nico, en el sistema de transmisi\u00f3n de datos electr\u00f3nicos o si no se tuvo acceso al portal de X Marca por alguna raz\u00f3n imputable a la misma. Nos reservamos el derecho de cambiar este aviso de privacidad en cualquier momento.<\/p><\/li><li><p>X Marca se reserva el derecho de enmendar o modificar el presente Aviso de Privacidad como estime conveniente, por ejemplo, para cumplir con cambios a la legislaci\u00f3n sobre protecci\u00f3n de datos o para efecto de cumplir con las disposiciones internas de la empresa. X Marca informar\u00e1 y pondr\u00e1 a su disposici\u00f3n el Aviso de Privacidad actualizado cuando se le hagan cambios significativos al mismo, as\u00ed como cuando se requiera recabar su consentimiento.<\/p><\/li><\/ol><p>Este Aviso de Privacidad est\u00e1 basado en las leyes y regulaciones, adem\u00e1s del internet y protecci\u00f3n de la informaci\u00f3n correspondientes a los Estados Unidos Mexicanos por lo que todo asunto en relaci\u00f3n con este portal ser\u00e1 regido con estas leyes. Se deber\u00e1 tomar en cuenta que si se accede y proporciona informaci\u00f3n en el portal desde un pa\u00eds diferente al mencionado anteriormente su informaci\u00f3n ser\u00e1 transferida a los Estados Unidos Mexicanos y al momento de usted ingresar esa informaci\u00f3n est\u00e1 autorizando esa transferencia y la aceptaci\u00f3n de este aviso de privacidad.<\/p>\t\t\t\t\t\t\t\t<\/div>\n\t\t\t\t<\/div>\n\t\t\t\t\t<\/div>\n\t\t\t\t<\/div>\n\t\t\t\t<\/div>","protected":false},"excerpt":{"rendered":"<p>Aviso de Privacidad Al utilizar el sitio web www.xmarca.net , as\u00ed como las herramientas y servicios proporcionados en el mismo, el usuario acepta, sin excepci\u00f3n, los t\u00e9rminos y condiciones enunciados en este Aviso de Privacidad, el no estar de acuerdo con ellos implica no estar autorizado para hacer uso del sitio ni de sus herramientas [&hellip;]<\/p>","protected":false},"author":1,"featured_media":0,"parent":0,"menu_order":0,"comment_status":"closed","ping_status":"closed","template":"elementor_header_footer","meta":{"footnotes":""},"class_list":["post-573","page","type-page","status-publish","hentry"],"yoast_head":"<!-- This site is optimized with the Yoast SEO plugin v26.1.1 - https:\/\/yoast.com\/wordpress\/plugins\/seo\/ -->\n<title>Aviso de Privacidad - X Marca<\/title>\n<meta name=\"robots\" content=\"index, follow, max-snippet:-1, max-image-preview:large, max-video-preview:-1\" \/>\n<link rel=\"canonical\" href=\"https:\/\/xmarca.net\/en\/aviso-de-privacidad\/\" \/>\n<meta property=\"og:locale\" content=\"en_US\" \/>\n<meta property=\"og:type\" content=\"article\" \/>\n<meta property=\"og:title\" content=\"Aviso de Privacidad - X Marca\" \/>\n<meta property=\"og:description\" content=\"Aviso de Privacidad Al utilizar el sitio web www.xmarca.net , as\u00ed como las herramientas y servicios proporcionados en el mismo, el usuario acepta, sin excepci\u00f3n, los t\u00e9rminos y condiciones enunciados en este Aviso de Privacidad, el no estar de acuerdo con ellos implica no estar autorizado para hacer uso del sitio ni de sus herramientas [&hellip;]\" \/>\n<meta property=\"og:url\" content=\"https:\/\/xmarca.net\/en\/aviso-de-privacidad\/\" \/>\n<meta property=\"og:site_name\" content=\"X Marca\" \/>\n<meta property=\"article:publisher\" content=\"https:\/\/www.facebook.com\/xmarca\" \/>\n<meta property=\"article:modified_time\" content=\"2023-10-31T01:18:02+00:00\" \/>\n<meta property=\"og:image\" content=\"https:\/\/xmarca.net\/wp-content\/uploads\/2023\/10\/logotipo-xmarca-white.png\" \/>\n\t<meta property=\"og:image:width\" content=\"724\" \/>\n\t<meta property=\"og:image:height\" content=\"188\" \/>\n\t<meta property=\"og:image:type\" content=\"image\/png\" \/>\n<meta name=\"twitter:card\" content=\"summary_large_image\" \/>\n<meta name=\"twitter:label1\" content=\"Est. reading time\" \/>\n\t<meta name=\"twitter:data1\" content=\"5 minutes\" \/>\n<script type=\"application\/ld+json\" class=\"yoast-schema-graph\">{\"@context\":\"https:\/\/schema.org\",\"@graph\":[{\"@type\":\"WebPage\",\"@id\":\"https:\/\/xmarca.net\/aviso-de-privacidad\/\",\"url\":\"https:\/\/xmarca.net\/aviso-de-privacidad\/\",\"name\":\"Aviso de Privacidad - X Marca\",\"isPartOf\":{\"@id\":\"https:\/\/xmarca.net\/#website\"},\"datePublished\":\"2023-10-31T01:08:20+00:00\",\"dateModified\":\"2023-10-31T01:18:02+00:00\",\"breadcrumb\":{\"@id\":\"https:\/\/xmarca.net\/aviso-de-privacidad\/#breadcrumb\"},\"inLanguage\":\"en-US\",\"potentialAction\":[{\"@type\":\"ReadAction\",\"target\":[\"https:\/\/xmarca.net\/aviso-de-privacidad\/\"]}]},{\"@type\":\"BreadcrumbList\",\"@id\":\"https:\/\/xmarca.net\/aviso-de-privacidad\/#breadcrumb\",\"itemListElement\":[{\"@type\":\"ListItem\",\"position\":1,\"name\":\"Portada\",\"item\":\"https:\/\/xmarca.net\/\"},{\"@type\":\"ListItem\",\"position\":2,\"name\":\"Aviso de Privacidad\"}]},{\"@type\":\"WebSite\",\"@id\":\"https:\/\/xmarca.net\/#website\",\"url\":\"https:\/\/xmarca.net\/\",\"name\":\"X Marca\",\"description\":\"X Marca\",\"publisher\":{\"@id\":\"https:\/\/xmarca.net\/#organization\"},\"alternateName\":\"Producciones X Marca\",\"potentialAction\":[{\"@type\":\"SearchAction\",\"target\":{\"@type\":\"EntryPoint\",\"urlTemplate\":\"https:\/\/xmarca.net\/?s={search_term_string}\"},\"query-input\":{\"@type\":\"PropertyValueSpecification\",\"valueRequired\":true,\"valueName\":\"search_term_string\"}}],\"inLanguage\":\"en-US\"},{\"@type\":\"Organization\",\"@id\":\"https:\/\/xmarca.net\/#organization\",\"name\":\"X Marca\",\"alternateName\":\"Producciones X Marca\",\"url\":\"https:\/\/xmarca.net\/\",\"logo\":{\"@type\":\"ImageObject\",\"inLanguage\":\"en-US\",\"@id\":\"https:\/\/xmarca.net\/#\/schema\/logo\/image\/\",\"url\":\"https:\/\/xmarca.net\/wp-content\/uploads\/2025\/10\/mix-xmarca-sky-sea-ma-v3.webp\",\"contentUrl\":\"https:\/\/xmarca.net\/wp-content\/uploads\/2025\/10\/mix-xmarca-sky-sea-ma-v3.webp\",\"width\":852,\"height\":256,\"caption\":\"X Marca\"},\"image\":{\"@id\":\"https:\/\/xmarca.net\/#\/schema\/logo\/image\/\"},\"sameAs\":[\"https:\/\/www.facebook.com\/xmarca\",\"https:\/\/www.instagram.com\/xmarca_producciones\/\",\"https:\/\/www.linkedin.com\/company\/x-marca\/\",\"https:\/\/www.tiktok.com\/@xmarcaproducciones?is_from_webapp=1&sender_device=pc\"]}]}<\/script>\n<!-- \/ Yoast SEO plugin. -->","yoast_head_json":{"title":"Aviso de Privacidad - X Marca","robots":{"index":"index","follow":"follow","max-snippet":"max-snippet:-1","max-image-preview":"max-image-preview:large","max-video-preview":"max-video-preview:-1"},"canonical":"https:\/\/xmarca.net\/en\/aviso-de-privacidad\/","og_locale":"en_US","og_type":"article","og_title":"Aviso de Privacidad - X Marca","og_description":"Aviso de Privacidad Al utilizar el sitio web www.xmarca.net , as\u00ed como las herramientas y servicios proporcionados en el mismo, el usuario acepta, sin excepci\u00f3n, los t\u00e9rminos y condiciones enunciados en este Aviso de Privacidad, el no estar de acuerdo con ellos implica no estar autorizado para hacer uso del sitio ni de sus herramientas [&hellip;]","og_url":"https:\/\/xmarca.net\/en\/aviso-de-privacidad\/","og_site_name":"X Marca","article_publisher":"https:\/\/www.facebook.com\/xmarca","article_modified_time":"2023-10-31T01:18:02+00:00","og_image":[{"width":724,"height":188,"url":"https:\/\/xmarca.net\/wp-content\/uploads\/2023\/10\/logotipo-xmarca-white.png","type":"image\/png"}],"twitter_card":"summary_large_image","twitter_misc":{"Est. reading time":"5 minutes"},"schema":{"@context":"https:\/\/schema.org","@graph":[{"@type":"WebPage","@id":"https:\/\/xmarca.net\/aviso-de-privacidad\/","url":"https:\/\/xmarca.net\/aviso-de-privacidad\/","name":"Aviso de Privacidad - X Marca","isPartOf":{"@id":"https:\/\/xmarca.net\/#website"},"datePublished":"2023-10-31T01:08:20+00:00","dateModified":"2023-10-31T01:18:02+00:00","breadcrumb":{"@id":"https:\/\/xmarca.net\/aviso-de-privacidad\/#breadcrumb"},"inLanguage":"en-US","potentialAction":[{"@type":"ReadAction","target":["https:\/\/xmarca.net\/aviso-de-privacidad\/"]}]},{"@type":"BreadcrumbList","@id":"https:\/\/xmarca.net\/aviso-de-privacidad\/#breadcrumb","itemListElement":[{"@type":"ListItem","position":1,"name":"Portada","item":"https:\/\/xmarca.net\/"},{"@type":"ListItem","position":2,"name":"Aviso de Privacidad"}]},{"@type":"WebSite","@id":"https:\/\/xmarca.net\/#website","url":"https:\/\/xmarca.net\/","name":"X Marca","description":"X Marca","publisher":{"@id":"https:\/\/xmarca.net\/#organization"},"alternateName":"Producciones X Marca","potentialAction":[{"@type":"SearchAction","target":{"@type":"EntryPoint","urlTemplate":"https:\/\/xmarca.net\/?s={search_term_string}"},"query-input":{"@type":"PropertyValueSpecification","valueRequired":true,"valueName":"search_term_string"}}],"inLanguage":"en-US"},{"@type":"Organization","@id":"https:\/\/xmarca.net\/#organization","name":"X Marca","alternateName":"Producciones X Marca","url":"https:\/\/xmarca.net\/","logo":{"@type":"ImageObject","inLanguage":"en-US","@id":"https:\/\/xmarca.net\/#\/schema\/logo\/image\/","url":"https:\/\/xmarca.net\/wp-content\/uploads\/2025\/10\/mix-xmarca-sky-sea-ma-v3.webp","contentUrl":"https:\/\/xmarca.net\/wp-content\/uploads\/2025\/10\/mix-xmarca-sky-sea-ma-v3.webp","width":852,"height":256,"caption":"X Marca"},"image":{"@id":"https:\/\/xmarca.net\/#\/schema\/logo\/image\/"},"sameAs":["https:\/\/www.facebook.com\/xmarca","https:\/\/www.instagram.com\/xmarca_producciones\/","https:\/\/www.linkedin.com\/company\/x-marca\/","https:\/\/www.tiktok.com\/@xmarcaproducciones?is_from_webapp=1&sender_device=pc"]}]}},"_links":{"self":[{"href":"https:\/\/xmarca.net\/en\/wp-json\/wp\/v2\/pages\/573","targetHints":{"allow":["GET"]}}],"collection":[{"href":"https:\/\/xmarca.net\/en\/wp-json\/wp\/v2\/pages"}],"about":[{"href":"https:\/\/xmarca.net\/en\/wp-json\/wp\/v2\/types\/page"}],"author":[{"embeddable":true,"href":"https:\/\/xmarca.net\/en\/wp-json\/wp\/v2\/users\/1"}],"replies":[{"embeddable":true,"href":"https:\/\/xmarca.net\/en\/wp-json\/wp\/v2\/comments?post=573"}],"version-history":[{"count":8,"href":"https:\/\/xmarca.net\/en\/wp-json\/wp\/v2\/pages\/573\/revisions"}],"predecessor-version":[{"id":581,"href":"https:\/\/xmarca.net\/en\/wp-json\/wp\/v2\/pages\/573\/revisions\/581"}],"wp:attachment":[{"href":"https:\/\/xmarca.net\/en\/wp-json\/wp\/v2\/media?parent=573"}],"curies":[{"name":"wp","href":"https:\/\/api.w.org\/{rel}","templated":true}]}}